{"id":1825,"date":"2025-02-12T02:09:12","date_gmt":"2025-02-12T02:09:12","guid":{"rendered":"https:\/\/wp.inadisa.com\/?page_id=1825"},"modified":"2025-02-13T17:08:56","modified_gmt":"2025-02-13T17:08:56","slug":"cajas-para-medidores-taf","status":"publish","type":"page","link":"https:\/\/wp.inadisa.com\/en\/linea-de-comercializacion\/cajas-para-medidores-taf\/","title":{"rendered":"TAF meter boxes"},"content":{"rendered":"<div data-elementor-type=\"wp-page\" data-elementor-id=\"1825\" class=\"elementor elementor-1825\">\n\t\t\t\t<div class=\"elementor-element elementor-element-b24655f e-flex e-con-boxed e-con e-parent\" data-id=\"b24655f\" data-element_type=\"container\" data-e-type=\"container\">\n\t\t\t\t\t<div class=\"e-con-inner\">\n\t\t<div class=\"elementor-element elementor-element-1b88c9a e-flex e-con-boxed e-con e-child\" data-id=\"1b88c9a\" data-element_type=\"container\" data-e-type=\"container\" data-settings=\"{&quot;background_background&quot;:&quot;classic&quot;}\">\n\t\t\t\t\t<div class=\"e-con-inner\">\n\t\t<div class=\"elementor-element elementor-element-657070c e-con-full e-flex e-con e-child\" data-id=\"657070c\" data-element_type=\"container\" data-e-type=\"container\">\n\t\t\t\t<div class=\"elementor-element elementor-element-ff664a0 elementor-widget elementor-widget-shortcode\" data-id=\"ff664a0\" data-element_type=\"widget\" data-e-type=\"widget\" data-widget_type=\"shortcode.default\">\n\t\t\t\t<div class=\"elementor-widget-container\">\n\t\t\t\t\t\t\t<div class=\"elementor-shortcode\"><\/div>\n\t\t\t\t\t\t<\/div>\n\t\t\t\t<\/div>\n\t\t\t\t<div class=\"elementor-element elementor-element-3ff157b elementor-invisible elementor-widget elementor-widget-heading\" data-id=\"3ff157b\" data-element_type=\"widget\" data-e-type=\"widget\" data-settings=\"{&quot;_animation&quot;:&quot;fadeIn&quot;}\" data-widget_type=\"heading.default\">\n\t\t\t\t<div class=\"elementor-widget-container\">\n\t\t\t\t\t<h2 class=\"elementor-heading-title elementor-size-default\">TAF meter boxes<\/h2>\t\t\t\t<\/div>\n\t\t\t\t<\/div>\n\t\t\t\t<div class=\"elementor-element elementor-element-414ece8 elementor-invisible elementor-widget elementor-widget-text-editor\" data-id=\"414ece8\" data-element_type=\"widget\" data-e-type=\"widget\" data-settings=\"{&quot;_animation&quot;:&quot;fadeIn&quot;}\" data-widget_type=\"text-editor.default\">\n\t\t\t\t<div class=\"elementor-widget-container\">\n\t\t\t\t\t\t\t\t\t<p>Nuestras cajas para medidores est\u00e1n dise\u00f1adas para garantizar la protecci\u00f3n, medici\u00f3n y distribuci\u00f3n eficiente de energ\u00eda el\u00e9ctrica y agua. Fabricadas con materiales de alta calidad, son ideales para instalaciones residenciales, comerciales e industriales, proporcionando una seguridad m\u00e1xima para el correcto funcionamiento de los medidores<\/p>\t\t\t\t\t\t\t\t<\/div>\n\t\t\t\t<\/div>\n\t\t\t\t<\/div>\n\t\t<div class=\"elementor-element elementor-element-98d9719 e-con-full e-flex e-con e-child\" data-id=\"98d9719\" data-element_type=\"container\" data-e-type=\"container\">\n\t\t\t\t<div class=\"elementor-element elementor-element-b701110 elementor-invisible elementor-widget elementor-widget-image\" data-id=\"b701110\" data-element_type=\"widget\" data-e-type=\"widget\" data-settings=\"{&quot;_animation&quot;:&quot;fadeInRight&quot;}\" data-widget_type=\"image.default\">\n\t\t\t\t<div class=\"elementor-widget-container\">\n\t\t\t\t\t\t\t\t\t\t\t\t\t\t\t<img fetchpriority=\"high\" decoding=\"async\" width=\"661\" height=\"491\" src=\"https:\/\/wp.inadisa.com\/wp-content\/uploads\/2025\/02\/Group-26-2.png\" class=\"attachment-medium_large size-medium_large wp-image-1827\" alt=\"\" srcset=\"https:\/\/wp.inadisa.com\/wp-content\/uploads\/2025\/02\/Group-26-2.png 661w, https:\/\/wp.inadisa.com\/wp-content\/uploads\/2025\/02\/Group-26-2-300x223.png 300w, https:\/\/wp.inadisa.com\/wp-content\/uploads\/2025\/02\/Group-26-2-16x12.png 16w\" sizes=\"(max-width: 661px) 100vw, 661px\" \/>\t\t\t\t\t\t\t\t\t\t\t\t\t\t\t<\/div>\n\t\t\t\t<\/div>\n\t\t\t\t<\/div>\n\t\t\t\t\t<\/div>\n\t\t\t\t<\/div>\n\t\t\t\t\t<\/div>\n\t\t\t\t<\/div>\n\t\t<div class=\"elementor-element elementor-element-8697075 e-flex e-con-boxed e-con e-parent\" data-id=\"8697075\" data-element_type=\"container\" data-e-type=\"container\">\n\t\t\t\t\t<div class=\"e-con-inner\">\n\t\t\t\t<div class=\"elementor-element elementor-element-a431459 elementor-invisible elementor-widget elementor-widget-heading\" data-id=\"a431459\" data-element_type=\"widget\" data-e-type=\"widget\" data-settings=\"{&quot;_animation&quot;:&quot;fadeIn&quot;}\" data-widget_type=\"heading.default\">\n\t\t\t\t<div class=\"elementor-widget-container\">\n\t\t\t\t\t<h2 class=\"elementor-heading-title elementor-size-default\">Features:<\/h2>\t\t\t\t<\/div>\n\t\t\t\t<\/div>\n\t\t\t\t<div class=\"elementor-element elementor-element-b49a3ea elementor-invisible elementor-widget elementor-widget-text-editor\" data-id=\"b49a3ea\" data-element_type=\"widget\" data-e-type=\"widget\" data-settings=\"{&quot;_animation&quot;:&quot;fadeIn&quot;}\" data-widget_type=\"text-editor.default\">\n\t\t\t\t<div class=\"elementor-widget-container\">\n\t\t\t\t\t\t\t\t\t<p><b>Caracter\u00edsticas Principales:<\/b><\/p><ul><li><b>Cajas Monof\u00e1sicas<\/b>: Dise\u00f1adas para medidores de energ\u00eda en sistemas monof\u00e1sicos.<\/li><li><b>Cajas Herm\u00e9ticas<\/b>: Cajas cerradas para proteger los medidores de las inclemencias del tiempo y el ambiente.<\/li><li><b>Cajas de Derivaci\u00f3n<\/b>: Para conexiones de derivaci\u00f3n y medici\u00f3n de electricidad o agua.<\/li><li><b>Caja de Mediador de Agua<\/b>: Para instalaciones de medici\u00f3n y control del consumo de agua.<\/li><\/ul><p><b>Benefits:<\/b><\/p><ul><li><b>Seguridad<\/b>: Protecci\u00f3n confiable para los sistemas de medici\u00f3n y distribuci\u00f3n de energ\u00eda y agua.<\/li><li><b>Resistencia<\/b>: Fabricadas con materiales duraderos que resisten condiciones adversas.<\/li><li><b>Adaptabilidad<\/b>: Disponibles en diferentes modelos para ajustarse a las necesidades espec\u00edficas de cada instalaci\u00f3n.<\/li><\/ul>\t\t\t\t\t\t\t\t<\/div>\n\t\t\t\t<\/div>\n\t\t\t\t\t<\/div>\n\t\t\t\t<\/div>\n\t\t\t\t<\/div>","protected":false},"excerpt":{"rendered":"<p>Cajas para medidores TAF Nuestras cajas para medidores est\u00e1n dise\u00f1adas para garantizar la protecci\u00f3n, medici\u00f3n y distribuci\u00f3n eficiente de energ\u00eda el\u00e9ctrica y agua. Fabricadas con materiales de alta calidad, son ideales para instalaciones residenciales, comerciales e industriales, proporcionando una seguridad m\u00e1xima para el correcto funcionamiento de los medidores Caracter\u00edsticas Caracter\u00edsticas Principales: Cajas Monof\u00e1sicas: Dise\u00f1adas para [&hellip;]<\/p>\n","protected":false},"author":1,"featured_media":0,"parent":1789,"menu_order":0,"comment_status":"closed","ping_status":"closed","template":"","meta":{"footnotes":""},"class_list":["post-1825","page","type-page","status-publish","hentry"],"blocksy_meta":{"has_hero_section":"disabled","vertical_spacing_source":"custom","content_area_spacing":"none","styles_descriptor":{"styles":{"desktop":"","tablet":"","mobile":""},"google_fonts":[],"version":6}},"_links":{"self":[{"href":"https:\/\/wp.inadisa.com\/en\/wp-json\/wp\/v2\/pages\/1825","targetHints":{"allow":["GET"]}}],"collection":[{"href":"https:\/\/wp.inadisa.com\/en\/wp-json\/wp\/v2\/pages"}],"about":[{"href":"https:\/\/wp.inadisa.com\/en\/wp-json\/wp\/v2\/types\/page"}],"author":[{"embeddable":true,"href":"https:\/\/wp.inadisa.com\/en\/wp-json\/wp\/v2\/users\/1"}],"replies":[{"embeddable":true,"href":"https:\/\/wp.inadisa.com\/en\/wp-json\/wp\/v2\/comments?post=1825"}],"version-history":[{"count":7,"href":"https:\/\/wp.inadisa.com\/en\/wp-json\/wp\/v2\/pages\/1825\/revisions"}],"predecessor-version":[{"id":1977,"href":"https:\/\/wp.inadisa.com\/en\/wp-json\/wp\/v2\/pages\/1825\/revisions\/1977"}],"up":[{"embeddable":true,"href":"https:\/\/wp.inadisa.com\/en\/wp-json\/wp\/v2\/pages\/1789"}],"wp:attachment":[{"href":"https:\/\/wp.inadisa.com\/en\/wp-json\/wp\/v2\/media?parent=1825"}],"curies":[{"name":"wp","href":"https:\/\/api.w.org\/{rel}","templated":true}]}}