{"id":1765,"date":"2025-02-11T23:14:16","date_gmt":"2025-02-11T23:14:16","guid":{"rendered":"https:\/\/wp.inadisa.com\/?page_id=1765"},"modified":"2025-02-13T16:37:08","modified_gmt":"2025-02-13T16:37:08","slug":"transformadores-de-control","status":"publish","type":"page","link":"https:\/\/wp.inadisa.com\/en\/linea-de-transformadores\/transformadores-de-control\/","title":{"rendered":"Control transformers"},"content":{"rendered":"<div data-elementor-type=\"wp-page\" data-elementor-id=\"1765\" class=\"elementor elementor-1765\">\n\t\t\t\t<div class=\"elementor-element elementor-element-b24655f e-flex e-con-boxed e-con e-parent\" data-id=\"b24655f\" data-element_type=\"container\" data-e-type=\"container\">\n\t\t\t\t\t<div class=\"e-con-inner\">\n\t\t<div class=\"elementor-element elementor-element-1b88c9a e-flex e-con-boxed e-con e-child\" data-id=\"1b88c9a\" data-element_type=\"container\" data-e-type=\"container\" data-settings=\"{&quot;background_background&quot;:&quot;classic&quot;}\">\n\t\t\t\t\t<div class=\"e-con-inner\">\n\t\t<div class=\"elementor-element elementor-element-657070c e-con-full e-flex e-con e-child\" data-id=\"657070c\" data-element_type=\"container\" data-e-type=\"container\">\n\t\t\t\t<div class=\"elementor-element elementor-element-ff664a0 elementor-widget elementor-widget-shortcode\" data-id=\"ff664a0\" data-element_type=\"widget\" data-e-type=\"widget\" data-widget_type=\"shortcode.default\">\n\t\t\t\t<div class=\"elementor-widget-container\">\n\t\t\t\t\t\t\t<div class=\"elementor-shortcode\"><\/div>\n\t\t\t\t\t\t<\/div>\n\t\t\t\t<\/div>\n\t\t\t\t<div class=\"elementor-element elementor-element-3ff157b elementor-invisible elementor-widget elementor-widget-heading\" data-id=\"3ff157b\" data-element_type=\"widget\" data-e-type=\"widget\" data-settings=\"{&quot;_animation&quot;:&quot;fadeIn&quot;}\" data-widget_type=\"heading.default\">\n\t\t\t\t<div class=\"elementor-widget-container\">\n\t\t\t\t\t<h2 class=\"elementor-heading-title elementor-size-default\">Control transformers<\/h2>\t\t\t\t<\/div>\n\t\t\t\t<\/div>\n\t\t\t\t<div class=\"elementor-element elementor-element-414ece8 elementor-invisible elementor-widget elementor-widget-text-editor\" data-id=\"414ece8\" data-element_type=\"widget\" data-e-type=\"widget\" data-settings=\"{&quot;_animation&quot;:&quot;fadeIn&quot;}\" data-widget_type=\"text-editor.default\">\n\t\t\t\t<div class=\"elementor-widget-container\">\n\t\t\t\t\t\t\t\t\t<p>Our single-phase transformers are designed to reduce high voltage to safe levels, ideal for panelboard applications where space and efficiency are key.<\/p>\t\t\t\t\t\t\t\t<\/div>\n\t\t\t\t<\/div>\n\t\t\t\t<\/div>\n\t\t<div class=\"elementor-element elementor-element-98d9719 e-con-full e-flex e-con e-child\" data-id=\"98d9719\" data-element_type=\"container\" data-e-type=\"container\">\n\t\t\t\t<div class=\"elementor-element elementor-element-b701110 elementor-invisible elementor-widget elementor-widget-image\" data-id=\"b701110\" data-element_type=\"widget\" data-e-type=\"widget\" data-settings=\"{&quot;_animation&quot;:&quot;fadeInRight&quot;}\" data-widget_type=\"image.default\">\n\t\t\t\t<div class=\"elementor-widget-container\">\n\t\t\t\t\t\t\t\t\t\t\t\t\t\t\t<img fetchpriority=\"high\" decoding=\"async\" width=\"550\" height=\"482\" src=\"https:\/\/wp.inadisa.com\/wp-content\/uploads\/2025\/02\/Group-20-2.png\" class=\"attachment-medium_large size-medium_large wp-image-1761\" alt=\"\" srcset=\"https:\/\/wp.inadisa.com\/wp-content\/uploads\/2025\/02\/Group-20-2.png 550w, https:\/\/wp.inadisa.com\/wp-content\/uploads\/2025\/02\/Group-20-2-300x263.png 300w\" sizes=\"(max-width: 550px) 100vw, 550px\" \/>\t\t\t\t\t\t\t\t\t\t\t\t\t\t\t<\/div>\n\t\t\t\t<\/div>\n\t\t\t\t<\/div>\n\t\t\t\t\t<\/div>\n\t\t\t\t<\/div>\n\t\t\t\t\t<\/div>\n\t\t\t\t<\/div>\n\t\t<div class=\"elementor-element elementor-element-8697075 e-flex e-con-boxed e-con e-parent\" data-id=\"8697075\" data-element_type=\"container\" data-e-type=\"container\">\n\t\t\t\t\t<div class=\"e-con-inner\">\n\t\t\t\t<div class=\"elementor-element elementor-element-6541654 elementor-invisible elementor-widget elementor-widget-heading\" data-id=\"6541654\" data-element_type=\"widget\" data-e-type=\"widget\" data-settings=\"{&quot;_animation&quot;:&quot;fadeIn&quot;}\" data-widget_type=\"heading.default\">\n\t\t\t\t<div class=\"elementor-widget-container\">\n\t\t\t\t\t<h2 class=\"elementor-heading-title elementor-size-default\">Features:<\/h2>\t\t\t\t<\/div>\n\t\t\t\t<\/div>\n\t\t\t\t<div class=\"elementor-element elementor-element-812e60c elementor-invisible elementor-widget elementor-widget-text-editor\" data-id=\"812e60c\" data-element_type=\"widget\" data-e-type=\"widget\" data-settings=\"{&quot;_animation&quot;:&quot;fadeIn&quot;}\" data-widget_type=\"text-editor.default\">\n\t\t\t\t<div class=\"elementor-widget-container\">\n\t\t\t\t\t\t\t\t\t<p><b>Operation:<\/b><\/p><ul><li><b>Voltage Conversion:<\/b> Reduce input voltage to safe levels for electrical equipment.<\/li><li class=\"translation-block\"><b>Efficiency: <\/b> Operate with minimal power loss and good heat dissipation.<\/li><li class=\"translation-block\"><b>Compact Size:<\/b> Small and lightweight design, perfect for small spaces.<\/li><\/ul><p><b>Applications:<\/b><\/p><ul><li><b>Transfer Boards<\/b><\/li><li><b>Capacitor Banks<\/b><\/li><li><b>Metered Distribution Boards<\/b><\/li><li><b>Control Panels<\/b><\/li><\/ul><p><b>Advantages:<\/b><\/p><ul><li><b>Encapsulation for special environments<\/b><\/li><li><b>Higher efficiency and lower weight<\/b><\/li><li><b>Easy installation in limited spaces<\/b><\/li><\/ul>\t\t\t\t\t\t\t\t<\/div>\n\t\t\t\t<\/div>\n\t\t\t\t\t<\/div>\n\t\t\t\t<\/div>\n\t\t\t\t<\/div>","protected":false},"excerpt":{"rendered":"<p>Transformadores de control Nuestros transformadores monof\u00e1sicos est\u00e1n dise\u00f1ados para reducir el voltaje de alta tensi\u00f3n a niveles seguros, ideales para aplicaciones en tableros el\u00e9ctricos donde el espacio y la eficiencia son clave. Caracter\u00edsticas Funcionamiento: Conversi\u00f3n de Voltaje: Reducen el voltaje de entrada a niveles seguros para equipos el\u00e9ctricos. Eficiencia: Operan con m\u00ednima p\u00e9rdida de energ\u00eda [&hellip;]<\/p>\n","protected":false},"author":1,"featured_media":0,"parent":1493,"menu_order":0,"comment_status":"closed","ping_status":"closed","template":"","meta":{"footnotes":""},"class_list":["post-1765","page","type-page","status-publish","hentry"],"blocksy_meta":{"has_hero_section":"disabled","vertical_spacing_source":"custom","content_area_spacing":"none","styles_descriptor":{"styles":{"desktop":"","tablet":"","mobile":""},"google_fonts":[],"version":6}},"_links":{"self":[{"href":"https:\/\/wp.inadisa.com\/en\/wp-json\/wp\/v2\/pages\/1765","targetHints":{"allow":["GET"]}}],"collection":[{"href":"https:\/\/wp.inadisa.com\/en\/wp-json\/wp\/v2\/pages"}],"about":[{"href":"https:\/\/wp.inadisa.com\/en\/wp-json\/wp\/v2\/types\/page"}],"author":[{"embeddable":true,"href":"https:\/\/wp.inadisa.com\/en\/wp-json\/wp\/v2\/users\/1"}],"replies":[{"embeddable":true,"href":"https:\/\/wp.inadisa.com\/en\/wp-json\/wp\/v2\/comments?post=1765"}],"version-history":[{"count":13,"href":"https:\/\/wp.inadisa.com\/en\/wp-json\/wp\/v2\/pages\/1765\/revisions"}],"predecessor-version":[{"id":1960,"href":"https:\/\/wp.inadisa.com\/en\/wp-json\/wp\/v2\/pages\/1765\/revisions\/1960"}],"up":[{"embeddable":true,"href":"https:\/\/wp.inadisa.com\/en\/wp-json\/wp\/v2\/pages\/1493"}],"wp:attachment":[{"href":"https:\/\/wp.inadisa.com\/en\/wp-json\/wp\/v2\/media?parent=1765"}],"curies":[{"name":"wp","href":"https:\/\/api.w.org\/{rel}","templated":true}]}}